{"id":357,"date":"2014-04-21T13:51:41","date_gmt":"2014-04-21T11:51:41","guid":{"rendered":"http:\/\/www.twobears.at\/wordpress\/?page_id=357"},"modified":"2014-04-21T13:57:04","modified_gmt":"2014-04-21T11:57:04","slug":"speicherschaf","status":"publish","type":"page","link":"https:\/\/www.twobears.at\/wordpress\/team\/speicherschaf\/","title":{"rendered":"SpeicherSchaf"},"content":{"rendered":"<p>Hallo Leute!<\/p>\n<p>Ich bin das SpeicherSchaf &#8211; d.h. ich bin hier f\u00fcr die Administration zust\u00e4ndig. Jaja, auch wenn ihr es nicht glaubt, weil ich so Patschh\u00e4ndchen habe, aber ich bin ein Meister der Konsole. Irgendwer muss den Linux-Server hier ja am Laufen halten, und das bleibt wieder mal an mir h\u00e4ngen. Die Herren B\u00e4ren und der Elefant reisen durch die Weltgeschichte, bringen 1000 Fotos und einen Haufen Text mit &#8211; und wer darf das alles aufbereiten? &#8211; Na, klar! Das SpeicherSchaf!<\/p>\n<p>Aber ich will ja nicht meckern, denn eigentlich macht mir das ja eh ziemlich Spa\u00df! &#8211; ich bin halt doch ein Geek! Und manchmal fahre ich ja dann auch mit auf einen Ausflug oder einen Urlaub.<\/p>\n<p>\u00dcbrigens, ich stamme aus Neuseeland &#8211; das ist ja bekannt f\u00fcr seine vielen Schafe. Aber hier in \u00d6sterreich gef\u00e4llt es mir auch recht gut. Manchmal w\u00e4re ein bissi ein Meer ganz nett, aber man kann ja nicht alles haben.<\/p>\n<p>Also dann :<\/p>\n<p>Liebe Gr\u00fc\u00dfe und &#8220;sudo apt-get install&#8230;&#8221;<\/p>\n<p>Euer SpeicherSchaf<\/p>\n","protected":false},"excerpt":{"rendered":"<p>Hallo Leute! Ich bin das SpeicherSchaf &#8211; d.h. ich bin hier f\u00fcr die Administration zust\u00e4ndig. Jaja, auch wenn ihr es nicht glaubt, [&hellip;]<\/p>\n","protected":false},"author":2,"featured_media":364,"parent":380,"menu_order":0,"comment_status":"open","ping_status":"open","template":"","meta":{"ngg_post_thumbnail":0,"jetpack_post_was_ever_published":false,"footnotes":""},"class_list":["post-357","page","type-page","status-publish","has-post-thumbnail","hentry"],"yoast_head":"<!-- This site is optimized with the Yoast SEO plugin v24.2 - https:\/\/yoast.com\/wordpress\/plugins\/seo\/ -->\n<title>SpeicherSchaf - TwoBears<\/title>\n<meta name=\"robots\" content=\"index, follow, max-snippet:-1, max-image-preview:large, max-video-preview:-1\" \/>\n<link rel=\"canonical\" href=\"https:\/\/www.twobears.at\/wordpress\/team\/speicherschaf\/\" \/>\n<meta property=\"og:locale\" content=\"de_DE\" \/>\n<meta property=\"og:type\" content=\"article\" \/>\n<meta property=\"og:title\" content=\"SpeicherSchaf - TwoBears\" \/>\n<meta property=\"og:description\" content=\"Hallo Leute! Ich bin das SpeicherSchaf &#8211; d.h. ich bin hier f\u00fcr die Administration zust\u00e4ndig. Jaja, auch wenn ihr es nicht glaubt, [&hellip;]\" \/>\n<meta property=\"og:url\" content=\"https:\/\/www.twobears.at\/wordpress\/team\/speicherschaf\/\" \/>\n<meta property=\"og:site_name\" content=\"TwoBears\" \/>\n<meta property=\"article:modified_time\" content=\"2014-04-21T11:57:04+00:00\" \/>\n<meta property=\"og:image\" content=\"https:\/\/www.twobears.at\/wordpress\/wp-content\/uploads\/2014\/04\/P1050653.jpg\" \/>\n\t<meta property=\"og:image:width\" content=\"1619\" \/>\n\t<meta property=\"og:image:height\" content=\"1080\" \/>\n\t<meta property=\"og:image:type\" content=\"image\/jpeg\" \/>\n<meta name=\"twitter:card\" content=\"summary_large_image\" \/>\n<meta name=\"twitter:label1\" content=\"Gesch\u00e4tzte Lesezeit\" \/>\n\t<meta name=\"twitter:data1\" content=\"1 Minute\" \/>\n<script type=\"application\/ld+json\" class=\"yoast-schema-graph\">{\"@context\":\"https:\/\/schema.org\",\"@graph\":[{\"@type\":\"WebPage\",\"@id\":\"https:\/\/www.twobears.at\/wordpress\/team\/speicherschaf\/\",\"url\":\"https:\/\/www.twobears.at\/wordpress\/team\/speicherschaf\/\",\"name\":\"SpeicherSchaf - TwoBears\",\"isPartOf\":{\"@id\":\"https:\/\/www.twobears.at\/wordpress\/#website\"},\"primaryImageOfPage\":{\"@id\":\"https:\/\/www.twobears.at\/wordpress\/team\/speicherschaf\/#primaryimage\"},\"image\":{\"@id\":\"https:\/\/www.twobears.at\/wordpress\/team\/speicherschaf\/#primaryimage\"},\"thumbnailUrl\":\"https:\/\/www.twobears.at\/wordpress\/wp-content\/uploads\/2014\/04\/P1050653.jpg\",\"datePublished\":\"2014-04-21T11:51:41+00:00\",\"dateModified\":\"2014-04-21T11:57:04+00:00\",\"breadcrumb\":{\"@id\":\"https:\/\/www.twobears.at\/wordpress\/team\/speicherschaf\/#breadcrumb\"},\"inLanguage\":\"de\",\"potentialAction\":[{\"@type\":\"ReadAction\",\"target\":[\"https:\/\/www.twobears.at\/wordpress\/team\/speicherschaf\/\"]}]},{\"@type\":\"ImageObject\",\"inLanguage\":\"de\",\"@id\":\"https:\/\/www.twobears.at\/wordpress\/team\/speicherschaf\/#primaryimage\",\"url\":\"https:\/\/www.twobears.at\/wordpress\/wp-content\/uploads\/2014\/04\/P1050653.jpg\",\"contentUrl\":\"https:\/\/www.twobears.at\/wordpress\/wp-content\/uploads\/2014\/04\/P1050653.jpg\",\"width\":1619,\"height\":1080},{\"@type\":\"BreadcrumbList\",\"@id\":\"https:\/\/www.twobears.at\/wordpress\/team\/speicherschaf\/#breadcrumb\",\"itemListElement\":[{\"@type\":\"ListItem\",\"position\":1,\"name\":\"Startseite\",\"item\":\"https:\/\/www.twobears.at\/wordpress\/\"},{\"@type\":\"ListItem\",\"position\":2,\"name\":\"Das Team\",\"item\":\"https:\/\/www.twobears.at\/wordpress\/team\/\"},{\"@type\":\"ListItem\",\"position\":3,\"name\":\"SpeicherSchaf\"}]},{\"@type\":\"WebSite\",\"@id\":\"https:\/\/www.twobears.at\/wordpress\/#website\",\"url\":\"https:\/\/www.twobears.at\/wordpress\/\",\"name\":\"TwoBears\",\"description\":\"Die B\u00e4renbr\u00fcder und ihre Welt\",\"potentialAction\":[{\"@type\":\"SearchAction\",\"target\":{\"@type\":\"EntryPoint\",\"urlTemplate\":\"https:\/\/www.twobears.at\/wordpress\/?s={search_term_string}\"},\"query-input\":{\"@type\":\"PropertyValueSpecification\",\"valueRequired\":true,\"valueName\":\"search_term_string\"}}],\"inLanguage\":\"de\"}]}<\/script>\n<!-- \/ Yoast SEO plugin. -->","yoast_head_json":{"title":"SpeicherSchaf - TwoBears","robots":{"index":"index","follow":"follow","max-snippet":"max-snippet:-1","max-image-preview":"max-image-preview:large","max-video-preview":"max-video-preview:-1"},"canonical":"https:\/\/www.twobears.at\/wordpress\/team\/speicherschaf\/","og_locale":"de_DE","og_type":"article","og_title":"SpeicherSchaf - TwoBears","og_description":"Hallo Leute! Ich bin das SpeicherSchaf &#8211; d.h. ich bin hier f\u00fcr die Administration zust\u00e4ndig. Jaja, auch wenn ihr es nicht glaubt, [&hellip;]","og_url":"https:\/\/www.twobears.at\/wordpress\/team\/speicherschaf\/","og_site_name":"TwoBears","article_modified_time":"2014-04-21T11:57:04+00:00","og_image":[{"width":1619,"height":1080,"url":"https:\/\/www.twobears.at\/wordpress\/wp-content\/uploads\/2014\/04\/P1050653.jpg","type":"image\/jpeg"}],"twitter_card":"summary_large_image","twitter_misc":{"Gesch\u00e4tzte Lesezeit":"1 Minute"},"schema":{"@context":"https:\/\/schema.org","@graph":[{"@type":"WebPage","@id":"https:\/\/www.twobears.at\/wordpress\/team\/speicherschaf\/","url":"https:\/\/www.twobears.at\/wordpress\/team\/speicherschaf\/","name":"SpeicherSchaf - TwoBears","isPartOf":{"@id":"https:\/\/www.twobears.at\/wordpress\/#website"},"primaryImageOfPage":{"@id":"https:\/\/www.twobears.at\/wordpress\/team\/speicherschaf\/#primaryimage"},"image":{"@id":"https:\/\/www.twobears.at\/wordpress\/team\/speicherschaf\/#primaryimage"},"thumbnailUrl":"https:\/\/www.twobears.at\/wordpress\/wp-content\/uploads\/2014\/04\/P1050653.jpg","datePublished":"2014-04-21T11:51:41+00:00","dateModified":"2014-04-21T11:57:04+00:00","breadcrumb":{"@id":"https:\/\/www.twobears.at\/wordpress\/team\/speicherschaf\/#breadcrumb"},"inLanguage":"de","potentialAction":[{"@type":"ReadAction","target":["https:\/\/www.twobears.at\/wordpress\/team\/speicherschaf\/"]}]},{"@type":"ImageObject","inLanguage":"de","@id":"https:\/\/www.twobears.at\/wordpress\/team\/speicherschaf\/#primaryimage","url":"https:\/\/www.twobears.at\/wordpress\/wp-content\/uploads\/2014\/04\/P1050653.jpg","contentUrl":"https:\/\/www.twobears.at\/wordpress\/wp-content\/uploads\/2014\/04\/P1050653.jpg","width":1619,"height":1080},{"@type":"BreadcrumbList","@id":"https:\/\/www.twobears.at\/wordpress\/team\/speicherschaf\/#breadcrumb","itemListElement":[{"@type":"ListItem","position":1,"name":"Startseite","item":"https:\/\/www.twobears.at\/wordpress\/"},{"@type":"ListItem","position":2,"name":"Das Team","item":"https:\/\/www.twobears.at\/wordpress\/team\/"},{"@type":"ListItem","position":3,"name":"SpeicherSchaf"}]},{"@type":"WebSite","@id":"https:\/\/www.twobears.at\/wordpress\/#website","url":"https:\/\/www.twobears.at\/wordpress\/","name":"TwoBears","description":"Die B\u00e4renbr\u00fcder und ihre Welt","potentialAction":[{"@type":"SearchAction","target":{"@type":"EntryPoint","urlTemplate":"https:\/\/www.twobears.at\/wordpress\/?s={search_term_string}"},"query-input":{"@type":"PropertyValueSpecification","valueRequired":true,"valueName":"search_term_string"}}],"inLanguage":"de"}]}},"jetpack_sharing_enabled":true,"jetpack_shortlink":"https:\/\/wp.me\/P722FO-5L","jetpack-related-posts":[],"_links":{"self":[{"href":"https:\/\/www.twobears.at\/wordpress\/wp-json\/wp\/v2\/pages\/357","targetHints":{"allow":["GET"]}}],"collection":[{"href":"https:\/\/www.twobears.at\/wordpress\/wp-json\/wp\/v2\/pages"}],"about":[{"href":"https:\/\/www.twobears.at\/wordpress\/wp-json\/wp\/v2\/types\/page"}],"author":[{"embeddable":true,"href":"https:\/\/www.twobears.at\/wordpress\/wp-json\/wp\/v2\/users\/2"}],"replies":[{"embeddable":true,"href":"https:\/\/www.twobears.at\/wordpress\/wp-json\/wp\/v2\/comments?post=357"}],"version-history":[{"count":3,"href":"https:\/\/www.twobears.at\/wordpress\/wp-json\/wp\/v2\/pages\/357\/revisions"}],"predecessor-version":[{"id":360,"href":"https:\/\/www.twobears.at\/wordpress\/wp-json\/wp\/v2\/pages\/357\/revisions\/360"}],"up":[{"embeddable":true,"href":"https:\/\/www.twobears.at\/wordpress\/wp-json\/wp\/v2\/pages\/380"}],"wp:featuredmedia":[{"embeddable":true,"href":"https:\/\/www.twobears.at\/wordpress\/wp-json\/wp\/v2\/media\/364"}],"wp:attachment":[{"href":"https:\/\/www.twobears.at\/wordpress\/wp-json\/wp\/v2\/media?parent=357"}],"curies":[{"name":"wp","href":"https:\/\/api.w.org\/{rel}","templated":true}]}}