{"id":96,"date":"2014-04-21T13:48:55","date_gmt":"2014-04-21T11:48:55","guid":{"rendered":"http:\/\/www.twobears.at\/wordpress\/?page_id=96"},"modified":"2014-04-21T13:48:55","modified_gmt":"2014-04-21T11:48:55","slug":"abenteuerelefant","status":"publish","type":"page","link":"https:\/\/www.twobears.at\/wordpress\/twobears-alt\/abenteuerelefant\/","title":{"rendered":"AbenteuerElefant"},"content":{"rendered":"<p style=\"text-align: justify\">Hallo auf meiner Seite.<\/p>\n<p style=\"text-align: justify\">Ich bin der AbenteuerElefant &#8211; auch AdventureElephant genannt. Manche nennen mich auch das Mammut &#8211; weil ich ja ein kuscheliges Fell habe und das haben Elefanten ja eigentlich nicht. Aber egal!<\/p>\n<p style=\"text-align: justify\">Ich bin der Chef von ElephantAdventureTours einer Reiseagentur f\u00fcr das gro\u00dfe Abenteuer. Die Firma geh\u00f6rt zum Firmenimperium der TwoBearsProduction der B\u00e4renBr\u00fcder. \u00a0Von Berufs wegen besch\u00e4ftige ich mich also mit Reisen und Abendteuer und da der Mutterkonzern Multimedia macht, bin ich auch in diesen Dingen ein wenig bewandert.<\/p>\n<p style=\"text-align: justify\">Hier berichte ich von meinen Reisen und was ich dort erlebe. Auch die kleinen Abenteuer des Alltags sollen hier Erw\u00e4hnung finden.<\/p>\n<p style=\"text-align: justify\">Viel Spa\u00df!<\/p>\n<p style=\"text-align: justify\">Euer AbenteuerElefant<\/p>\n","protected":false},"excerpt":{"rendered":"<p>Hallo auf meiner Seite. Ich bin der AbenteuerElefant &#8211; auch AdventureElephant genannt. Manche nennen mich auch das Mammut &#8211; weil ich ja ein kuscheliges Fell habe und das haben Elefanten ja eigentlich nicht. Aber egal! Ich bin der Chef von ElephantAdventureTours einer Reiseagentur f\u00fcr das gro\u00dfe Abenteuer. Die Firma geh\u00f6rt zum Firmenimperium der TwoBearsProduction der &hellip; <a href=\"https:\/\/www.twobears.at\/wordpress\/twobears-alt\/abenteuerelefant\/\" class=\"more-link\"><span class=\"screen-reader-text\">AbenteuerElefant<\/span> weiterlesen <span class=\"meta-nav\">&rarr;<\/span><\/a><\/p>\n","protected":false},"author":2,"featured_media":365,"parent":0,"menu_order":0,"comment_status":"open","ping_status":"open","template":"","meta":{"ngg_post_thumbnail":0,"footnotes":""},"class_list":["post-96","page","type-page","status-publish","has-post-thumbnail","hentry"],"yoast_head":"<!-- This site is optimized with the Yoast SEO plugin v24.2 - https:\/\/yoast.com\/wordpress\/plugins\/seo\/ -->\n<title>AbenteuerElefant - Das Archiv<\/title>\n<meta name=\"robots\" content=\"index, follow, max-snippet:-1, max-image-preview:large, max-video-preview:-1\" \/>\n<link rel=\"canonical\" href=\"https:\/\/www.twobears.at\/wordpress\/twobears-alt\/abenteuerelefant\/\" \/>\n<meta property=\"og:locale\" content=\"de_DE\" \/>\n<meta property=\"og:type\" content=\"article\" \/>\n<meta property=\"og:title\" content=\"AbenteuerElefant - Das Archiv\" \/>\n<meta property=\"og:description\" content=\"Hallo auf meiner Seite. Ich bin der AbenteuerElefant &#8211; auch AdventureElephant genannt. Manche nennen mich auch das Mammut &#8211; weil ich ja ein kuscheliges Fell habe und das haben Elefanten ja eigentlich nicht. Aber egal! Ich bin der Chef von ElephantAdventureTours einer Reiseagentur f\u00fcr das gro\u00dfe Abenteuer. Die Firma geh\u00f6rt zum Firmenimperium der TwoBearsProduction der &hellip; AbenteuerElefant weiterlesen &rarr;\" \/>\n<meta property=\"og:url\" content=\"https:\/\/www.twobears.at\/wordpress\/twobears-alt\/abenteuerelefant\/\" \/>\n<meta property=\"og:site_name\" content=\"Das Archiv\" \/>\n<meta property=\"og:image\" content=\"https:\/\/www.twobears.at\/wordpress\/twobears-alt\/wp-content\/uploads\/sites\/19\/2014\/04\/P1050655.jpg\" \/>\n\t<meta property=\"og:image:width\" content=\"1619\" \/>\n\t<meta property=\"og:image:height\" content=\"1080\" \/>\n\t<meta property=\"og:image:type\" content=\"image\/jpeg\" \/>\n<meta name=\"twitter:card\" content=\"summary_large_image\" \/>\n<meta name=\"twitter:label1\" content=\"Gesch\u00e4tzte Lesezeit\" \/>\n\t<meta name=\"twitter:data1\" content=\"1 Minute\" \/>\n<script type=\"application\/ld+json\" class=\"yoast-schema-graph\">{\"@context\":\"https:\/\/schema.org\",\"@graph\":[{\"@type\":\"WebPage\",\"@id\":\"https:\/\/www.twobears.at\/wordpress\/twobears-alt\/abenteuerelefant\/\",\"url\":\"https:\/\/www.twobears.at\/wordpress\/twobears-alt\/abenteuerelefant\/\",\"name\":\"AbenteuerElefant - Das Archiv\",\"isPartOf\":{\"@id\":\"https:\/\/www.twobears.at\/wordpress\/twobears-alt\/#website\"},\"primaryImageOfPage\":{\"@id\":\"https:\/\/www.twobears.at\/wordpress\/twobears-alt\/abenteuerelefant\/#primaryimage\"},\"image\":{\"@id\":\"https:\/\/www.twobears.at\/wordpress\/twobears-alt\/abenteuerelefant\/#primaryimage\"},\"thumbnailUrl\":\"https:\/\/www.twobears.at\/wordpress\/twobears-alt\/wp-content\/uploads\/sites\/19\/2014\/04\/P1050655.jpg\",\"datePublished\":\"2014-04-21T11:48:55+00:00\",\"dateModified\":\"2014-04-21T11:48:55+00:00\",\"breadcrumb\":{\"@id\":\"https:\/\/www.twobears.at\/wordpress\/twobears-alt\/abenteuerelefant\/#breadcrumb\"},\"inLanguage\":\"de\",\"potentialAction\":[{\"@type\":\"ReadAction\",\"target\":[\"https:\/\/www.twobears.at\/wordpress\/twobears-alt\/abenteuerelefant\/\"]}]},{\"@type\":\"ImageObject\",\"inLanguage\":\"de\",\"@id\":\"https:\/\/www.twobears.at\/wordpress\/twobears-alt\/abenteuerelefant\/#primaryimage\",\"url\":\"https:\/\/www.twobears.at\/wordpress\/twobears-alt\/wp-content\/uploads\/sites\/19\/2014\/04\/P1050655.jpg\",\"contentUrl\":\"https:\/\/www.twobears.at\/wordpress\/twobears-alt\/wp-content\/uploads\/sites\/19\/2014\/04\/P1050655.jpg\",\"width\":1619,\"height\":1080},{\"@type\":\"BreadcrumbList\",\"@id\":\"https:\/\/www.twobears.at\/wordpress\/twobears-alt\/abenteuerelefant\/#breadcrumb\",\"itemListElement\":[{\"@type\":\"ListItem\",\"position\":1,\"name\":\"Startseite\",\"item\":\"https:\/\/www.twobears.at\/wordpress\/twobears-alt\/\"},{\"@type\":\"ListItem\",\"position\":2,\"name\":\"AbenteuerElefant\"}]},{\"@type\":\"WebSite\",\"@id\":\"https:\/\/www.twobears.at\/wordpress\/twobears-alt\/#website\",\"url\":\"https:\/\/www.twobears.at\/wordpress\/twobears-alt\/\",\"name\":\"Das Archiv\",\"description\":\"Eine weitere TwoBears Universum-Website\",\"potentialAction\":[{\"@type\":\"SearchAction\",\"target\":{\"@type\":\"EntryPoint\",\"urlTemplate\":\"https:\/\/www.twobears.at\/wordpress\/twobears-alt\/?s={search_term_string}\"},\"query-input\":{\"@type\":\"PropertyValueSpecification\",\"valueRequired\":true,\"valueName\":\"search_term_string\"}}],\"inLanguage\":\"de\"}]}<\/script>\n<!-- \/ Yoast SEO plugin. -->","yoast_head_json":{"title":"AbenteuerElefant - Das Archiv","robots":{"index":"index","follow":"follow","max-snippet":"max-snippet:-1","max-image-preview":"max-image-preview:large","max-video-preview":"max-video-preview:-1"},"canonical":"https:\/\/www.twobears.at\/wordpress\/twobears-alt\/abenteuerelefant\/","og_locale":"de_DE","og_type":"article","og_title":"AbenteuerElefant - Das Archiv","og_description":"Hallo auf meiner Seite. Ich bin der AbenteuerElefant &#8211; auch AdventureElephant genannt. Manche nennen mich auch das Mammut &#8211; weil ich ja ein kuscheliges Fell habe und das haben Elefanten ja eigentlich nicht. Aber egal! Ich bin der Chef von ElephantAdventureTours einer Reiseagentur f\u00fcr das gro\u00dfe Abenteuer. Die Firma geh\u00f6rt zum Firmenimperium der TwoBearsProduction der &hellip; AbenteuerElefant weiterlesen &rarr;","og_url":"https:\/\/www.twobears.at\/wordpress\/twobears-alt\/abenteuerelefant\/","og_site_name":"Das Archiv","og_image":[{"width":1619,"height":1080,"url":"https:\/\/www.twobears.at\/wordpress\/twobears-alt\/wp-content\/uploads\/sites\/19\/2014\/04\/P1050655.jpg","type":"image\/jpeg"}],"twitter_card":"summary_large_image","twitter_misc":{"Gesch\u00e4tzte Lesezeit":"1 Minute"},"schema":{"@context":"https:\/\/schema.org","@graph":[{"@type":"WebPage","@id":"https:\/\/www.twobears.at\/wordpress\/twobears-alt\/abenteuerelefant\/","url":"https:\/\/www.twobears.at\/wordpress\/twobears-alt\/abenteuerelefant\/","name":"AbenteuerElefant - Das Archiv","isPartOf":{"@id":"https:\/\/www.twobears.at\/wordpress\/twobears-alt\/#website"},"primaryImageOfPage":{"@id":"https:\/\/www.twobears.at\/wordpress\/twobears-alt\/abenteuerelefant\/#primaryimage"},"image":{"@id":"https:\/\/www.twobears.at\/wordpress\/twobears-alt\/abenteuerelefant\/#primaryimage"},"thumbnailUrl":"https:\/\/www.twobears.at\/wordpress\/twobears-alt\/wp-content\/uploads\/sites\/19\/2014\/04\/P1050655.jpg","datePublished":"2014-04-21T11:48:55+00:00","dateModified":"2014-04-21T11:48:55+00:00","breadcrumb":{"@id":"https:\/\/www.twobears.at\/wordpress\/twobears-alt\/abenteuerelefant\/#breadcrumb"},"inLanguage":"de","potentialAction":[{"@type":"ReadAction","target":["https:\/\/www.twobears.at\/wordpress\/twobears-alt\/abenteuerelefant\/"]}]},{"@type":"ImageObject","inLanguage":"de","@id":"https:\/\/www.twobears.at\/wordpress\/twobears-alt\/abenteuerelefant\/#primaryimage","url":"https:\/\/www.twobears.at\/wordpress\/twobears-alt\/wp-content\/uploads\/sites\/19\/2014\/04\/P1050655.jpg","contentUrl":"https:\/\/www.twobears.at\/wordpress\/twobears-alt\/wp-content\/uploads\/sites\/19\/2014\/04\/P1050655.jpg","width":1619,"height":1080},{"@type":"BreadcrumbList","@id":"https:\/\/www.twobears.at\/wordpress\/twobears-alt\/abenteuerelefant\/#breadcrumb","itemListElement":[{"@type":"ListItem","position":1,"name":"Startseite","item":"https:\/\/www.twobears.at\/wordpress\/twobears-alt\/"},{"@type":"ListItem","position":2,"name":"AbenteuerElefant"}]},{"@type":"WebSite","@id":"https:\/\/www.twobears.at\/wordpress\/twobears-alt\/#website","url":"https:\/\/www.twobears.at\/wordpress\/twobears-alt\/","name":"Das Archiv","description":"Eine weitere TwoBears Universum-Website","potentialAction":[{"@type":"SearchAction","target":{"@type":"EntryPoint","urlTemplate":"https:\/\/www.twobears.at\/wordpress\/twobears-alt\/?s={search_term_string}"},"query-input":{"@type":"PropertyValueSpecification","valueRequired":true,"valueName":"search_term_string"}}],"inLanguage":"de"}]}},"_links":{"self":[{"href":"https:\/\/www.twobears.at\/wordpress\/twobears-alt\/wp-json\/wp\/v2\/pages\/96","targetHints":{"allow":["GET"]}}],"collection":[{"href":"https:\/\/www.twobears.at\/wordpress\/twobears-alt\/wp-json\/wp\/v2\/pages"}],"about":[{"href":"https:\/\/www.twobears.at\/wordpress\/twobears-alt\/wp-json\/wp\/v2\/types\/page"}],"author":[{"embeddable":true,"href":"https:\/\/www.twobears.at\/wordpress\/twobears-alt\/wp-json\/wp\/v2\/users\/2"}],"replies":[{"embeddable":true,"href":"https:\/\/www.twobears.at\/wordpress\/twobears-alt\/wp-json\/wp\/v2\/comments?post=96"}],"version-history":[{"count":0,"href":"https:\/\/www.twobears.at\/wordpress\/twobears-alt\/wp-json\/wp\/v2\/pages\/96\/revisions"}],"wp:featuredmedia":[{"embeddable":true,"href":"https:\/\/www.twobears.at\/wordpress\/twobears-alt\/wp-json\/wp\/v2\/media\/365"}],"wp:attachment":[{"href":"https:\/\/www.twobears.at\/wordpress\/twobears-alt\/wp-json\/wp\/v2\/media?parent=96"}],"curies":[{"name":"wp","href":"https:\/\/api.w.org\/{rel}","templated":true}]}}