{"id":388,"date":"2014-04-21T14:10:06","date_gmt":"2014-04-21T12:10:06","guid":{"rendered":"http:\/\/www.twobears.at\/wordpress\/?page_id=388"},"modified":"2014-04-21T14:10:06","modified_gmt":"2014-04-21T12:10:06","slug":"die-ausruestung","status":"publish","type":"page","link":"https:\/\/www.twobears.at\/wordpress\/twobears-alt\/die-ausruestung\/","title":{"rendered":"Die Ausr\u00fcstung"},"content":{"rendered":"<p>Hier werden wir etwas zu unserer Ausr\u00fcstung sagen!<\/p>\n<p>Hier gibt es mal was \u00fcber das\u00a0<a title=\"Das Biest\" href=\"http:\/\/www.twobears.at\/wordpress\/?page_id=384\">Biest<\/a>\u00a0zu sehen.<\/p>\n<p>&nbsp;<\/p>\n<p>&nbsp;<\/p>\n","protected":false},"excerpt":{"rendered":"<p>Hier werden wir etwas zu unserer Ausr\u00fcstung sagen! Hier gibt es mal was \u00fcber das\u00a0Biest\u00a0zu sehen. &nbsp; &nbsp;<\/p>\n","protected":false},"author":2,"featured_media":0,"parent":0,"menu_order":0,"comment_status":"open","ping_status":"open","template":"","meta":{"ngg_post_thumbnail":0,"footnotes":""},"class_list":["post-388","page","type-page","status-publish","hentry"],"yoast_head":"<!-- This site is optimized with the Yoast SEO plugin v24.2 - https:\/\/yoast.com\/wordpress\/plugins\/seo\/ -->\n<title>Die Ausr\u00fcstung - Das Archiv<\/title>\n<meta name=\"robots\" content=\"index, follow, max-snippet:-1, max-image-preview:large, max-video-preview:-1\" \/>\n<link rel=\"canonical\" href=\"https:\/\/www.twobears.at\/wordpress\/twobears-alt\/die-ausruestung\/\" \/>\n<meta property=\"og:locale\" content=\"de_DE\" \/>\n<meta property=\"og:type\" content=\"article\" \/>\n<meta property=\"og:title\" content=\"Die Ausr\u00fcstung - Das Archiv\" \/>\n<meta property=\"og:description\" content=\"Hier werden wir etwas zu unserer Ausr\u00fcstung sagen! Hier gibt es mal was \u00fcber das\u00a0Biest\u00a0zu sehen. &nbsp; &nbsp;\" \/>\n<meta property=\"og:url\" content=\"https:\/\/www.twobears.at\/wordpress\/twobears-alt\/die-ausruestung\/\" \/>\n<meta property=\"og:site_name\" content=\"Das Archiv\" \/>\n<meta name=\"twitter:card\" content=\"summary_large_image\" \/>\n<script type=\"application\/ld+json\" class=\"yoast-schema-graph\">{\"@context\":\"https:\/\/schema.org\",\"@graph\":[{\"@type\":\"WebPage\",\"@id\":\"https:\/\/www.twobears.at\/wordpress\/twobears-alt\/die-ausruestung\/\",\"url\":\"https:\/\/www.twobears.at\/wordpress\/twobears-alt\/die-ausruestung\/\",\"name\":\"Die Ausr\u00fcstung - Das Archiv\",\"isPartOf\":{\"@id\":\"https:\/\/www.twobears.at\/wordpress\/twobears-alt\/#website\"},\"datePublished\":\"2014-04-21T12:10:06+00:00\",\"dateModified\":\"2014-04-21T12:10:06+00:00\",\"breadcrumb\":{\"@id\":\"https:\/\/www.twobears.at\/wordpress\/twobears-alt\/die-ausruestung\/#breadcrumb\"},\"inLanguage\":\"de\",\"potentialAction\":[{\"@type\":\"ReadAction\",\"target\":[\"https:\/\/www.twobears.at\/wordpress\/twobears-alt\/die-ausruestung\/\"]}]},{\"@type\":\"BreadcrumbList\",\"@id\":\"https:\/\/www.twobears.at\/wordpress\/twobears-alt\/die-ausruestung\/#breadcrumb\",\"itemListElement\":[{\"@type\":\"ListItem\",\"position\":1,\"name\":\"Startseite\",\"item\":\"https:\/\/www.twobears.at\/wordpress\/twobears-alt\/\"},{\"@type\":\"ListItem\",\"position\":2,\"name\":\"Die Ausr\u00fcstung\"}]},{\"@type\":\"WebSite\",\"@id\":\"https:\/\/www.twobears.at\/wordpress\/twobears-alt\/#website\",\"url\":\"https:\/\/www.twobears.at\/wordpress\/twobears-alt\/\",\"name\":\"Das Archiv\",\"description\":\"Eine weitere TwoBears Universum-Website\",\"potentialAction\":[{\"@type\":\"SearchAction\",\"target\":{\"@type\":\"EntryPoint\",\"urlTemplate\":\"https:\/\/www.twobears.at\/wordpress\/twobears-alt\/?s={search_term_string}\"},\"query-input\":{\"@type\":\"PropertyValueSpecification\",\"valueRequired\":true,\"valueName\":\"search_term_string\"}}],\"inLanguage\":\"de\"}]}<\/script>\n<!-- \/ Yoast SEO plugin. -->","yoast_head_json":{"title":"Die Ausr\u00fcstung - Das Archiv","robots":{"index":"index","follow":"follow","max-snippet":"max-snippet:-1","max-image-preview":"max-image-preview:large","max-video-preview":"max-video-preview:-1"},"canonical":"https:\/\/www.twobears.at\/wordpress\/twobears-alt\/die-ausruestung\/","og_locale":"de_DE","og_type":"article","og_title":"Die Ausr\u00fcstung - Das Archiv","og_description":"Hier werden wir etwas zu unserer Ausr\u00fcstung sagen! Hier gibt es mal was \u00fcber das\u00a0Biest\u00a0zu sehen. &nbsp; &nbsp;","og_url":"https:\/\/www.twobears.at\/wordpress\/twobears-alt\/die-ausruestung\/","og_site_name":"Das Archiv","twitter_card":"summary_large_image","schema":{"@context":"https:\/\/schema.org","@graph":[{"@type":"WebPage","@id":"https:\/\/www.twobears.at\/wordpress\/twobears-alt\/die-ausruestung\/","url":"https:\/\/www.twobears.at\/wordpress\/twobears-alt\/die-ausruestung\/","name":"Die Ausr\u00fcstung - Das Archiv","isPartOf":{"@id":"https:\/\/www.twobears.at\/wordpress\/twobears-alt\/#website"},"datePublished":"2014-04-21T12:10:06+00:00","dateModified":"2014-04-21T12:10:06+00:00","breadcrumb":{"@id":"https:\/\/www.twobears.at\/wordpress\/twobears-alt\/die-ausruestung\/#breadcrumb"},"inLanguage":"de","potentialAction":[{"@type":"ReadAction","target":["https:\/\/www.twobears.at\/wordpress\/twobears-alt\/die-ausruestung\/"]}]},{"@type":"BreadcrumbList","@id":"https:\/\/www.twobears.at\/wordpress\/twobears-alt\/die-ausruestung\/#breadcrumb","itemListElement":[{"@type":"ListItem","position":1,"name":"Startseite","item":"https:\/\/www.twobears.at\/wordpress\/twobears-alt\/"},{"@type":"ListItem","position":2,"name":"Die Ausr\u00fcstung"}]},{"@type":"WebSite","@id":"https:\/\/www.twobears.at\/wordpress\/twobears-alt\/#website","url":"https:\/\/www.twobears.at\/wordpress\/twobears-alt\/","name":"Das Archiv","description":"Eine weitere TwoBears Universum-Website","potentialAction":[{"@type":"SearchAction","target":{"@type":"EntryPoint","urlTemplate":"https:\/\/www.twobears.at\/wordpress\/twobears-alt\/?s={search_term_string}"},"query-input":{"@type":"PropertyValueSpecification","valueRequired":true,"valueName":"search_term_string"}}],"inLanguage":"de"}]}},"_links":{"self":[{"href":"https:\/\/www.twobears.at\/wordpress\/twobears-alt\/wp-json\/wp\/v2\/pages\/388","targetHints":{"allow":["GET"]}}],"collection":[{"href":"https:\/\/www.twobears.at\/wordpress\/twobears-alt\/wp-json\/wp\/v2\/pages"}],"about":[{"href":"https:\/\/www.twobears.at\/wordpress\/twobears-alt\/wp-json\/wp\/v2\/types\/page"}],"author":[{"embeddable":true,"href":"https:\/\/www.twobears.at\/wordpress\/twobears-alt\/wp-json\/wp\/v2\/users\/2"}],"replies":[{"embeddable":true,"href":"https:\/\/www.twobears.at\/wordpress\/twobears-alt\/wp-json\/wp\/v2\/comments?post=388"}],"version-history":[{"count":0,"href":"https:\/\/www.twobears.at\/wordpress\/twobears-alt\/wp-json\/wp\/v2\/pages\/388\/revisions"}],"wp:attachment":[{"href":"https:\/\/www.twobears.at\/wordpress\/twobears-alt\/wp-json\/wp\/v2\/media?parent=388"}],"curies":[{"name":"wp","href":"https:\/\/api.w.org\/{rel}","templated":true}]}}