{"id":384,"date":"2014-04-21T14:10:39","date_gmt":"2014-04-21T12:10:39","guid":{"rendered":"http:\/\/www.twobears.at\/wordpress\/?page_id=384"},"modified":"2014-04-21T14:10:39","modified_gmt":"2014-04-21T12:10:39","slug":"das-biest","status":"publish","type":"page","link":"https:\/\/www.twobears.at\/wordpress\/twobears-alt\/die-ausruestung\/das-biest\/","title":{"rendered":"Das Biest"},"content":{"rendered":"<p style=\"text-align: center\">Es stammt aus einer anderen Zeit.<br \/>\nAus einer Zeit, lange vor unserer Zeit.<br \/>\nAus einer Zeit, wo es noch analoge Filme gab!<br \/>\nAus einer Zeit, wo 24&#215;35 mm noch Kleinformat war und nicht\u00a0Vollformat!<\/p>\n<p style=\"text-align: center\"><!--more-->Jetzt wohnt es ein einer gro\u00dfen Eisenkiste &#8211; weggesperrt!<\/p>\n<p style=\"text-align: center\"><a href=\"http:\/\/www.twobears.at\/wordpress\/twobears-alt\/wp-content\/uploads\/sites\/19\/2014\/04\/P1110173.jpg\" rel=\"lightbox[384]\"><img loading=\"lazy\" decoding=\"async\" class=\"alignnone size-medium wp-image-373\" src=\"http:\/\/www.twobears.at\/wordpress\/twobears-alt\/wp-content\/uploads\/sites\/19\/2014\/04\/P1110173-300x225.jpg\" alt=\"P1110173\" width=\"300\" height=\"225\" srcset=\"https:\/\/www.twobears.at\/wordpress\/twobears-alt\/wp-content\/uploads\/sites\/19\/2014\/04\/P1110173-300x225.jpg 300w, https:\/\/www.twobears.at\/wordpress\/twobears-alt\/wp-content\/uploads\/sites\/19\/2014\/04\/P1110173-768x576.jpg 768w, https:\/\/www.twobears.at\/wordpress\/twobears-alt\/wp-content\/uploads\/sites\/19\/2014\/04\/P1110173-1024x768.jpg 1024w, https:\/\/www.twobears.at\/wordpress\/twobears-alt\/wp-content\/uploads\/sites\/19\/2014\/04\/P1110173-480x360.jpg 480w, https:\/\/www.twobears.at\/wordpress\/twobears-alt\/wp-content\/uploads\/sites\/19\/2014\/04\/P1110173.jpg 1440w\" sizes=\"auto, (max-width: 300px) 100vw, 300px\" \/><\/a><\/p>\n<p style=\"text-align: center\">Die Verschl\u00fcsse \u00f6ffnen sich\u00a0und raus kommt:<\/p>\n<p style=\"text-align: center\"><a href=\"http:\/\/www.twobears.at\/wordpress\/twobears-alt\/wp-content\/uploads\/sites\/19\/2014\/04\/P1110175.jpg\" rel=\"lightbox[384]\"><img loading=\"lazy\" decoding=\"async\" class=\"alignnone size-medium wp-image-374\" src=\"http:\/\/www.twobears.at\/wordpress\/twobears-alt\/wp-content\/uploads\/sites\/19\/2014\/04\/P1110175-300x225.jpg\" alt=\"P1110175\" width=\"300\" height=\"225\" srcset=\"https:\/\/www.twobears.at\/wordpress\/twobears-alt\/wp-content\/uploads\/sites\/19\/2014\/04\/P1110175-300x225.jpg 300w, https:\/\/www.twobears.at\/wordpress\/twobears-alt\/wp-content\/uploads\/sites\/19\/2014\/04\/P1110175-768x576.jpg 768w, https:\/\/www.twobears.at\/wordpress\/twobears-alt\/wp-content\/uploads\/sites\/19\/2014\/04\/P1110175-1024x768.jpg 1024w, https:\/\/www.twobears.at\/wordpress\/twobears-alt\/wp-content\/uploads\/sites\/19\/2014\/04\/P1110175-480x360.jpg 480w, https:\/\/www.twobears.at\/wordpress\/twobears-alt\/wp-content\/uploads\/sites\/19\/2014\/04\/P1110175.jpg 1440w\" sizes=\"auto, (max-width: 300px) 100vw, 300px\" \/><\/a><\/p>\n<p style=\"text-align: center\">&#8220;Nein, nicht ich &#8211; ich bin nur ein kleines Kaninchen &#8211; der Ha(u)smeister auf dieser Seite &#8211; ich helfe nur beim Auspacken&#8221;<br \/>\nalso nochmal:<br \/>\nRaus kommt:<\/p>\n<p style=\"text-align: center\">DAS BIEST!<\/p>\n<p style=\"text-align: center\"><a href=\"http:\/\/www.twobears.at\/wordpress\/twobears-alt\/wp-content\/uploads\/sites\/19\/2014\/04\/P1110176.jpg\" rel=\"lightbox[384]\"><img loading=\"lazy\" decoding=\"async\" class=\"alignnone size-medium wp-image-375\" src=\"http:\/\/www.twobears.at\/wordpress\/twobears-alt\/wp-content\/uploads\/sites\/19\/2014\/04\/P1110176-300x225.jpg\" alt=\"P1110176\" width=\"300\" height=\"225\" srcset=\"https:\/\/www.twobears.at\/wordpress\/twobears-alt\/wp-content\/uploads\/sites\/19\/2014\/04\/P1110176-300x225.jpg 300w, https:\/\/www.twobears.at\/wordpress\/twobears-alt\/wp-content\/uploads\/sites\/19\/2014\/04\/P1110176-768x576.jpg 768w, https:\/\/www.twobears.at\/wordpress\/twobears-alt\/wp-content\/uploads\/sites\/19\/2014\/04\/P1110176-1024x768.jpg 1024w, https:\/\/www.twobears.at\/wordpress\/twobears-alt\/wp-content\/uploads\/sites\/19\/2014\/04\/P1110176-480x360.jpg 480w, https:\/\/www.twobears.at\/wordpress\/twobears-alt\/wp-content\/uploads\/sites\/19\/2014\/04\/P1110176.jpg 1440w\" sizes=\"auto, (max-width: 300px) 100vw, 300px\" \/><\/a><\/p>\n<p style=\"text-align: center\">Jaja &#8211; wir nennen sie liebevoll: Das Biest!<\/p>\n<p style=\"text-align: center\">Das hat ein wenig mit der Gr\u00f6\u00dfe zu tun &#8211; und mit dem &#8220;Kalunk&#8221;, das sie macht, \u00a0wenn sie ausgel\u00f6st wird.<\/p>\n<p style=\"text-align: center\"><a href=\"http:\/\/www.twobears.at\/wordpress\/twobears-alt\/wp-content\/uploads\/sites\/19\/2014\/04\/P1110178.jpg\" rel=\"lightbox[384]\"><img loading=\"lazy\" decoding=\"async\" class=\"alignnone size-medium wp-image-376\" src=\"http:\/\/www.twobears.at\/wordpress\/twobears-alt\/wp-content\/uploads\/sites\/19\/2014\/04\/P1110178-300x225.jpg\" alt=\"P1110178\" width=\"300\" height=\"225\" srcset=\"https:\/\/www.twobears.at\/wordpress\/twobears-alt\/wp-content\/uploads\/sites\/19\/2014\/04\/P1110178-300x225.jpg 300w, https:\/\/www.twobears.at\/wordpress\/twobears-alt\/wp-content\/uploads\/sites\/19\/2014\/04\/P1110178-768x576.jpg 768w, https:\/\/www.twobears.at\/wordpress\/twobears-alt\/wp-content\/uploads\/sites\/19\/2014\/04\/P1110178-1024x768.jpg 1024w, https:\/\/www.twobears.at\/wordpress\/twobears-alt\/wp-content\/uploads\/sites\/19\/2014\/04\/P1110178-480x360.jpg 480w, https:\/\/www.twobears.at\/wordpress\/twobears-alt\/wp-content\/uploads\/sites\/19\/2014\/04\/P1110178.jpg 1440w\" sizes=\"auto, (max-width: 300px) 100vw, 300px\" \/><\/a><\/p>\n<p style=\"text-align: center\">Es handelt sich bei Ihr um eine Mamiya RZ67 &#8211; wie der Name schon sagt, macht sie Bilder die 6x7cm gro\u00df sind &#8211; also 60x70mm (sch\u00f6ner Gru\u00df an die &#8220;Vollformatfotografen&#8221; &#8211; es geht zwar nicht um die Gr\u00f6\u00dfe &#8211; aber da h\u00e4ttet ihr keine Chance *gg*)<\/p>\n<p style=\"text-align: center\">Fotos? &#8211; mal sehen! Es gibt hier bald mehr von ihr zu sehen!<\/p>\n<p style=\"text-align: center\">\n","protected":false},"excerpt":{"rendered":"<p>Es stammt aus einer anderen Zeit. Aus einer Zeit, lange vor unserer Zeit. Aus einer Zeit, wo es noch analoge Filme gab! Aus einer Zeit, wo 24&#215;35 mm noch Kleinformat war und nicht\u00a0Vollformat!<\/p>\n","protected":false},"author":2,"featured_media":379,"parent":388,"menu_order":0,"comment_status":"open","ping_status":"open","template":"","meta":{"ngg_post_thumbnail":0,"footnotes":""},"class_list":["post-384","page","type-page","status-publish","has-post-thumbnail","hentry"],"yoast_head":"<!-- This site is optimized with the Yoast SEO plugin v24.2 - https:\/\/yoast.com\/wordpress\/plugins\/seo\/ -->\n<title>Das Biest - Das Archiv<\/title>\n<meta name=\"robots\" content=\"index, follow, max-snippet:-1, max-image-preview:large, max-video-preview:-1\" \/>\n<link rel=\"canonical\" href=\"https:\/\/www.twobears.at\/wordpress\/twobears-alt\/die-ausruestung\/das-biest\/\" \/>\n<meta property=\"og:locale\" content=\"de_DE\" \/>\n<meta property=\"og:type\" content=\"article\" \/>\n<meta property=\"og:title\" content=\"Das Biest - Das Archiv\" \/>\n<meta property=\"og:description\" content=\"Es stammt aus einer anderen Zeit. Aus einer Zeit, lange vor unserer Zeit. Aus einer Zeit, wo es noch analoge Filme gab! Aus einer Zeit, wo 24&#215;35 mm noch Kleinformat war und nicht\u00a0Vollformat!\" \/>\n<meta property=\"og:url\" content=\"https:\/\/www.twobears.at\/wordpress\/twobears-alt\/die-ausruestung\/das-biest\/\" \/>\n<meta property=\"og:site_name\" content=\"Das Archiv\" \/>\n<meta property=\"og:image\" content=\"https:\/\/www.twobears.at\/wordpress\/twobears-alt\/wp-content\/uploads\/sites\/19\/2014\/04\/P1110181.jpg\" \/>\n\t<meta property=\"og:image:width\" content=\"1202\" \/>\n\t<meta property=\"og:image:height\" content=\"1080\" \/>\n\t<meta property=\"og:image:type\" content=\"image\/jpeg\" \/>\n<meta name=\"twitter:card\" content=\"summary_large_image\" \/>\n<meta name=\"twitter:label1\" content=\"Gesch\u00e4tzte Lesezeit\" \/>\n\t<meta name=\"twitter:data1\" content=\"1 Minute\" \/>\n<script type=\"application\/ld+json\" class=\"yoast-schema-graph\">{\"@context\":\"https:\/\/schema.org\",\"@graph\":[{\"@type\":\"WebPage\",\"@id\":\"https:\/\/www.twobears.at\/wordpress\/twobears-alt\/die-ausruestung\/das-biest\/\",\"url\":\"https:\/\/www.twobears.at\/wordpress\/twobears-alt\/die-ausruestung\/das-biest\/\",\"name\":\"Das Biest - Das Archiv\",\"isPartOf\":{\"@id\":\"https:\/\/www.twobears.at\/wordpress\/twobears-alt\/#website\"},\"primaryImageOfPage\":{\"@id\":\"https:\/\/www.twobears.at\/wordpress\/twobears-alt\/die-ausruestung\/das-biest\/#primaryimage\"},\"image\":{\"@id\":\"https:\/\/www.twobears.at\/wordpress\/twobears-alt\/die-ausruestung\/das-biest\/#primaryimage\"},\"thumbnailUrl\":\"https:\/\/www.twobears.at\/wordpress\/twobears-alt\/wp-content\/uploads\/sites\/19\/2014\/04\/P1110181.jpg\",\"datePublished\":\"2014-04-21T12:10:39+00:00\",\"dateModified\":\"2014-04-21T12:10:39+00:00\",\"breadcrumb\":{\"@id\":\"https:\/\/www.twobears.at\/wordpress\/twobears-alt\/die-ausruestung\/das-biest\/#breadcrumb\"},\"inLanguage\":\"de\",\"potentialAction\":[{\"@type\":\"ReadAction\",\"target\":[\"https:\/\/www.twobears.at\/wordpress\/twobears-alt\/die-ausruestung\/das-biest\/\"]}]},{\"@type\":\"ImageObject\",\"inLanguage\":\"de\",\"@id\":\"https:\/\/www.twobears.at\/wordpress\/twobears-alt\/die-ausruestung\/das-biest\/#primaryimage\",\"url\":\"https:\/\/www.twobears.at\/wordpress\/twobears-alt\/wp-content\/uploads\/sites\/19\/2014\/04\/P1110181.jpg\",\"contentUrl\":\"https:\/\/www.twobears.at\/wordpress\/twobears-alt\/wp-content\/uploads\/sites\/19\/2014\/04\/P1110181.jpg\",\"width\":1202,\"height\":1080},{\"@type\":\"BreadcrumbList\",\"@id\":\"https:\/\/www.twobears.at\/wordpress\/twobears-alt\/die-ausruestung\/das-biest\/#breadcrumb\",\"itemListElement\":[{\"@type\":\"ListItem\",\"position\":1,\"name\":\"Startseite\",\"item\":\"https:\/\/www.twobears.at\/wordpress\/twobears-alt\/\"},{\"@type\":\"ListItem\",\"position\":2,\"name\":\"Die Ausr\u00fcstung\",\"item\":\"https:\/\/www.twobears.at\/wordpress\/twobears-alt\/die-ausruestung\/\"},{\"@type\":\"ListItem\",\"position\":3,\"name\":\"Das Biest\"}]},{\"@type\":\"WebSite\",\"@id\":\"https:\/\/www.twobears.at\/wordpress\/twobears-alt\/#website\",\"url\":\"https:\/\/www.twobears.at\/wordpress\/twobears-alt\/\",\"name\":\"Das Archiv\",\"description\":\"Eine weitere TwoBears Universum-Website\",\"potentialAction\":[{\"@type\":\"SearchAction\",\"target\":{\"@type\":\"EntryPoint\",\"urlTemplate\":\"https:\/\/www.twobears.at\/wordpress\/twobears-alt\/?s={search_term_string}\"},\"query-input\":{\"@type\":\"PropertyValueSpecification\",\"valueRequired\":true,\"valueName\":\"search_term_string\"}}],\"inLanguage\":\"de\"}]}<\/script>\n<!-- \/ Yoast SEO plugin. -->","yoast_head_json":{"title":"Das Biest - Das Archiv","robots":{"index":"index","follow":"follow","max-snippet":"max-snippet:-1","max-image-preview":"max-image-preview:large","max-video-preview":"max-video-preview:-1"},"canonical":"https:\/\/www.twobears.at\/wordpress\/twobears-alt\/die-ausruestung\/das-biest\/","og_locale":"de_DE","og_type":"article","og_title":"Das Biest - Das Archiv","og_description":"Es stammt aus einer anderen Zeit. Aus einer Zeit, lange vor unserer Zeit. Aus einer Zeit, wo es noch analoge Filme gab! Aus einer Zeit, wo 24&#215;35 mm noch Kleinformat war und nicht\u00a0Vollformat!","og_url":"https:\/\/www.twobears.at\/wordpress\/twobears-alt\/die-ausruestung\/das-biest\/","og_site_name":"Das Archiv","og_image":[{"width":1202,"height":1080,"url":"https:\/\/www.twobears.at\/wordpress\/twobears-alt\/wp-content\/uploads\/sites\/19\/2014\/04\/P1110181.jpg","type":"image\/jpeg"}],"twitter_card":"summary_large_image","twitter_misc":{"Gesch\u00e4tzte Lesezeit":"1 Minute"},"schema":{"@context":"https:\/\/schema.org","@graph":[{"@type":"WebPage","@id":"https:\/\/www.twobears.at\/wordpress\/twobears-alt\/die-ausruestung\/das-biest\/","url":"https:\/\/www.twobears.at\/wordpress\/twobears-alt\/die-ausruestung\/das-biest\/","name":"Das Biest - Das Archiv","isPartOf":{"@id":"https:\/\/www.twobears.at\/wordpress\/twobears-alt\/#website"},"primaryImageOfPage":{"@id":"https:\/\/www.twobears.at\/wordpress\/twobears-alt\/die-ausruestung\/das-biest\/#primaryimage"},"image":{"@id":"https:\/\/www.twobears.at\/wordpress\/twobears-alt\/die-ausruestung\/das-biest\/#primaryimage"},"thumbnailUrl":"https:\/\/www.twobears.at\/wordpress\/twobears-alt\/wp-content\/uploads\/sites\/19\/2014\/04\/P1110181.jpg","datePublished":"2014-04-21T12:10:39+00:00","dateModified":"2014-04-21T12:10:39+00:00","breadcrumb":{"@id":"https:\/\/www.twobears.at\/wordpress\/twobears-alt\/die-ausruestung\/das-biest\/#breadcrumb"},"inLanguage":"de","potentialAction":[{"@type":"ReadAction","target":["https:\/\/www.twobears.at\/wordpress\/twobears-alt\/die-ausruestung\/das-biest\/"]}]},{"@type":"ImageObject","inLanguage":"de","@id":"https:\/\/www.twobears.at\/wordpress\/twobears-alt\/die-ausruestung\/das-biest\/#primaryimage","url":"https:\/\/www.twobears.at\/wordpress\/twobears-alt\/wp-content\/uploads\/sites\/19\/2014\/04\/P1110181.jpg","contentUrl":"https:\/\/www.twobears.at\/wordpress\/twobears-alt\/wp-content\/uploads\/sites\/19\/2014\/04\/P1110181.jpg","width":1202,"height":1080},{"@type":"BreadcrumbList","@id":"https:\/\/www.twobears.at\/wordpress\/twobears-alt\/die-ausruestung\/das-biest\/#breadcrumb","itemListElement":[{"@type":"ListItem","position":1,"name":"Startseite","item":"https:\/\/www.twobears.at\/wordpress\/twobears-alt\/"},{"@type":"ListItem","position":2,"name":"Die Ausr\u00fcstung","item":"https:\/\/www.twobears.at\/wordpress\/twobears-alt\/die-ausruestung\/"},{"@type":"ListItem","position":3,"name":"Das Biest"}]},{"@type":"WebSite","@id":"https:\/\/www.twobears.at\/wordpress\/twobears-alt\/#website","url":"https:\/\/www.twobears.at\/wordpress\/twobears-alt\/","name":"Das Archiv","description":"Eine weitere TwoBears Universum-Website","potentialAction":[{"@type":"SearchAction","target":{"@type":"EntryPoint","urlTemplate":"https:\/\/www.twobears.at\/wordpress\/twobears-alt\/?s={search_term_string}"},"query-input":{"@type":"PropertyValueSpecification","valueRequired":true,"valueName":"search_term_string"}}],"inLanguage":"de"}]}},"_links":{"self":[{"href":"https:\/\/www.twobears.at\/wordpress\/twobears-alt\/wp-json\/wp\/v2\/pages\/384","targetHints":{"allow":["GET"]}}],"collection":[{"href":"https:\/\/www.twobears.at\/wordpress\/twobears-alt\/wp-json\/wp\/v2\/pages"}],"about":[{"href":"https:\/\/www.twobears.at\/wordpress\/twobears-alt\/wp-json\/wp\/v2\/types\/page"}],"author":[{"embeddable":true,"href":"https:\/\/www.twobears.at\/wordpress\/twobears-alt\/wp-json\/wp\/v2\/users\/2"}],"replies":[{"embeddable":true,"href":"https:\/\/www.twobears.at\/wordpress\/twobears-alt\/wp-json\/wp\/v2\/comments?post=384"}],"version-history":[{"count":0,"href":"https:\/\/www.twobears.at\/wordpress\/twobears-alt\/wp-json\/wp\/v2\/pages\/384\/revisions"}],"up":[{"embeddable":true,"href":"https:\/\/www.twobears.at\/wordpress\/twobears-alt\/wp-json\/wp\/v2\/pages\/388"}],"wp:featuredmedia":[{"embeddable":true,"href":"https:\/\/www.twobears.at\/wordpress\/twobears-alt\/wp-json\/wp\/v2\/media\/379"}],"wp:attachment":[{"href":"https:\/\/www.twobears.at\/wordpress\/twobears-alt\/wp-json\/wp\/v2\/media?parent=384"}],"curies":[{"name":"wp","href":"https:\/\/api.w.org\/{rel}","templated":true}]}}