{"id":167,"date":"2014-04-21T13:50:30","date_gmt":"2014-04-21T11:50:30","guid":{"rendered":"http:\/\/www.twobears.at\/wordpress\/?page_id=167"},"modified":"2014-04-21T13:50:30","modified_gmt":"2014-04-21T11:50:30","slug":"hausmeister","status":"publish","type":"page","link":"https:\/\/www.twobears.at\/wordpress\/twobears-alt\/team\/hausmeister\/","title":{"rendered":"Ha(u)smeister"},"content":{"rendered":"<p>Ja, ich bin der Ha(u)smeister hier!<\/p>\n<p>Die Herren B\u00e4renbr\u00fcder und der Abenteuerelefant sind die gro\u00dfen Gesch\u00e4ftsf\u00fchrer und an mir bleibt die Arbeit h\u00e4ngen!<\/p>\n<p>Nein, ganz so schlimm ist es nicht &#8211; sie sind ja schon recht nette Chefs und mir macht die Arbeit hier recht Spa\u00df. Obwohl ich auf den ersten Blick &#8220;nur&#8221; ein kleines kuscheliges Kaninchen bin, habe ich ein gro\u00dfes und wichtiges Aufgabengebiet. \u00a0Ich sorge daf\u00fcr, dass der Garten ordentlich ist und sie dort ihre Feste feiern k\u00f6nnen, dass der Fuhrpark in Ordnung ist (allzeit bereit f\u00fcr das gro\u00dfe Abenteuer), die Fototaschen gepackt werden und &#8211; ganz wichtig! &#8211; die Akkus geladen sind \u00a0&#8211; aber daf\u00fcr fahre ich dann auch mit auf die Abenteuer! &#8211; also: Ein Traumjob &#8211; Was will man mehr?<\/p>\n<p>Liebe Gr\u00fc\u00dfe vom Ha(u)smeister<\/p>\n","protected":false},"excerpt":{"rendered":"<p>Ja, ich bin der Ha(u)smeister hier! Die Herren B\u00e4renbr\u00fcder und der Abenteuerelefant sind die gro\u00dfen Gesch\u00e4ftsf\u00fchrer und an mir bleibt die Arbeit h\u00e4ngen! Nein, ganz so schlimm ist es nicht &#8211; sie sind ja schon recht nette Chefs und mir macht die Arbeit hier recht Spa\u00df. Obwohl ich auf den ersten Blick &#8220;nur&#8221; ein kleines &hellip; <a href=\"https:\/\/www.twobears.at\/wordpress\/twobears-alt\/team\/hausmeister\/\" class=\"more-link\"><span class=\"screen-reader-text\">Ha(u)smeister<\/span> weiterlesen <span class=\"meta-nav\">&rarr;<\/span><\/a><\/p>\n","protected":false},"author":2,"featured_media":372,"parent":380,"menu_order":0,"comment_status":"open","ping_status":"open","template":"","meta":{"ngg_post_thumbnail":0,"footnotes":""},"class_list":["post-167","page","type-page","status-publish","has-post-thumbnail","hentry"],"yoast_head":"<!-- This site is optimized with the Yoast SEO plugin v24.2 - https:\/\/yoast.com\/wordpress\/plugins\/seo\/ -->\n<title>Ha(u)smeister - Das Archiv<\/title>\n<meta name=\"robots\" content=\"index, follow, max-snippet:-1, max-image-preview:large, max-video-preview:-1\" \/>\n<link rel=\"canonical\" href=\"https:\/\/www.twobears.at\/wordpress\/twobears-alt\/team\/hausmeister\/\" \/>\n<meta property=\"og:locale\" content=\"de_DE\" \/>\n<meta property=\"og:type\" content=\"article\" \/>\n<meta property=\"og:title\" content=\"Ha(u)smeister - Das Archiv\" \/>\n<meta property=\"og:description\" content=\"Ja, ich bin der Ha(u)smeister hier! Die Herren B\u00e4renbr\u00fcder und der Abenteuerelefant sind die gro\u00dfen Gesch\u00e4ftsf\u00fchrer und an mir bleibt die Arbeit h\u00e4ngen! Nein, ganz so schlimm ist es nicht &#8211; sie sind ja schon recht nette Chefs und mir macht die Arbeit hier recht Spa\u00df. Obwohl ich auf den ersten Blick &#8220;nur&#8221; ein kleines &hellip; Ha(u)smeister weiterlesen &rarr;\" \/>\n<meta property=\"og:url\" content=\"https:\/\/www.twobears.at\/wordpress\/twobears-alt\/team\/hausmeister\/\" \/>\n<meta property=\"og:site_name\" content=\"Das Archiv\" \/>\n<meta property=\"og:image\" content=\"https:\/\/www.twobears.at\/wordpress\/twobears-alt\/wp-content\/uploads\/sites\/19\/2014\/04\/P1050670.jpg\" \/>\n\t<meta property=\"og:image:width\" content=\"1619\" \/>\n\t<meta property=\"og:image:height\" content=\"1080\" \/>\n\t<meta property=\"og:image:type\" content=\"image\/jpeg\" \/>\n<meta name=\"twitter:card\" content=\"summary_large_image\" \/>\n<meta name=\"twitter:label1\" content=\"Gesch\u00e4tzte Lesezeit\" \/>\n\t<meta name=\"twitter:data1\" content=\"1 Minute\" \/>\n<script type=\"application\/ld+json\" class=\"yoast-schema-graph\">{\"@context\":\"https:\/\/schema.org\",\"@graph\":[{\"@type\":\"WebPage\",\"@id\":\"https:\/\/www.twobears.at\/wordpress\/twobears-alt\/team\/hausmeister\/\",\"url\":\"https:\/\/www.twobears.at\/wordpress\/twobears-alt\/team\/hausmeister\/\",\"name\":\"Ha(u)smeister - Das Archiv\",\"isPartOf\":{\"@id\":\"https:\/\/www.twobears.at\/wordpress\/twobears-alt\/#website\"},\"primaryImageOfPage\":{\"@id\":\"https:\/\/www.twobears.at\/wordpress\/twobears-alt\/team\/hausmeister\/#primaryimage\"},\"image\":{\"@id\":\"https:\/\/www.twobears.at\/wordpress\/twobears-alt\/team\/hausmeister\/#primaryimage\"},\"thumbnailUrl\":\"https:\/\/www.twobears.at\/wordpress\/twobears-alt\/wp-content\/uploads\/sites\/19\/2014\/04\/P1050670.jpg\",\"datePublished\":\"2014-04-21T11:50:30+00:00\",\"dateModified\":\"2014-04-21T11:50:30+00:00\",\"breadcrumb\":{\"@id\":\"https:\/\/www.twobears.at\/wordpress\/twobears-alt\/team\/hausmeister\/#breadcrumb\"},\"inLanguage\":\"de\",\"potentialAction\":[{\"@type\":\"ReadAction\",\"target\":[\"https:\/\/www.twobears.at\/wordpress\/twobears-alt\/team\/hausmeister\/\"]}]},{\"@type\":\"ImageObject\",\"inLanguage\":\"de\",\"@id\":\"https:\/\/www.twobears.at\/wordpress\/twobears-alt\/team\/hausmeister\/#primaryimage\",\"url\":\"https:\/\/www.twobears.at\/wordpress\/twobears-alt\/wp-content\/uploads\/sites\/19\/2014\/04\/P1050670.jpg\",\"contentUrl\":\"https:\/\/www.twobears.at\/wordpress\/twobears-alt\/wp-content\/uploads\/sites\/19\/2014\/04\/P1050670.jpg\",\"width\":1619,\"height\":1080},{\"@type\":\"BreadcrumbList\",\"@id\":\"https:\/\/www.twobears.at\/wordpress\/twobears-alt\/team\/hausmeister\/#breadcrumb\",\"itemListElement\":[{\"@type\":\"ListItem\",\"position\":1,\"name\":\"Startseite\",\"item\":\"https:\/\/www.twobears.at\/wordpress\/twobears-alt\/\"},{\"@type\":\"ListItem\",\"position\":2,\"name\":\"Das Team\",\"item\":\"https:\/\/www.twobears.at\/wordpress\/twobears-alt\/team\/\"},{\"@type\":\"ListItem\",\"position\":3,\"name\":\"Ha(u)smeister\"}]},{\"@type\":\"WebSite\",\"@id\":\"https:\/\/www.twobears.at\/wordpress\/twobears-alt\/#website\",\"url\":\"https:\/\/www.twobears.at\/wordpress\/twobears-alt\/\",\"name\":\"Das Archiv\",\"description\":\"Eine weitere TwoBears Universum-Website\",\"potentialAction\":[{\"@type\":\"SearchAction\",\"target\":{\"@type\":\"EntryPoint\",\"urlTemplate\":\"https:\/\/www.twobears.at\/wordpress\/twobears-alt\/?s={search_term_string}\"},\"query-input\":{\"@type\":\"PropertyValueSpecification\",\"valueRequired\":true,\"valueName\":\"search_term_string\"}}],\"inLanguage\":\"de\"}]}<\/script>\n<!-- \/ Yoast SEO plugin. -->","yoast_head_json":{"title":"Ha(u)smeister - Das Archiv","robots":{"index":"index","follow":"follow","max-snippet":"max-snippet:-1","max-image-preview":"max-image-preview:large","max-video-preview":"max-video-preview:-1"},"canonical":"https:\/\/www.twobears.at\/wordpress\/twobears-alt\/team\/hausmeister\/","og_locale":"de_DE","og_type":"article","og_title":"Ha(u)smeister - Das Archiv","og_description":"Ja, ich bin der Ha(u)smeister hier! Die Herren B\u00e4renbr\u00fcder und der Abenteuerelefant sind die gro\u00dfen Gesch\u00e4ftsf\u00fchrer und an mir bleibt die Arbeit h\u00e4ngen! Nein, ganz so schlimm ist es nicht &#8211; sie sind ja schon recht nette Chefs und mir macht die Arbeit hier recht Spa\u00df. Obwohl ich auf den ersten Blick &#8220;nur&#8221; ein kleines &hellip; Ha(u)smeister weiterlesen &rarr;","og_url":"https:\/\/www.twobears.at\/wordpress\/twobears-alt\/team\/hausmeister\/","og_site_name":"Das Archiv","og_image":[{"width":1619,"height":1080,"url":"https:\/\/www.twobears.at\/wordpress\/twobears-alt\/wp-content\/uploads\/sites\/19\/2014\/04\/P1050670.jpg","type":"image\/jpeg"}],"twitter_card":"summary_large_image","twitter_misc":{"Gesch\u00e4tzte Lesezeit":"1 Minute"},"schema":{"@context":"https:\/\/schema.org","@graph":[{"@type":"WebPage","@id":"https:\/\/www.twobears.at\/wordpress\/twobears-alt\/team\/hausmeister\/","url":"https:\/\/www.twobears.at\/wordpress\/twobears-alt\/team\/hausmeister\/","name":"Ha(u)smeister - Das Archiv","isPartOf":{"@id":"https:\/\/www.twobears.at\/wordpress\/twobears-alt\/#website"},"primaryImageOfPage":{"@id":"https:\/\/www.twobears.at\/wordpress\/twobears-alt\/team\/hausmeister\/#primaryimage"},"image":{"@id":"https:\/\/www.twobears.at\/wordpress\/twobears-alt\/team\/hausmeister\/#primaryimage"},"thumbnailUrl":"https:\/\/www.twobears.at\/wordpress\/twobears-alt\/wp-content\/uploads\/sites\/19\/2014\/04\/P1050670.jpg","datePublished":"2014-04-21T11:50:30+00:00","dateModified":"2014-04-21T11:50:30+00:00","breadcrumb":{"@id":"https:\/\/www.twobears.at\/wordpress\/twobears-alt\/team\/hausmeister\/#breadcrumb"},"inLanguage":"de","potentialAction":[{"@type":"ReadAction","target":["https:\/\/www.twobears.at\/wordpress\/twobears-alt\/team\/hausmeister\/"]}]},{"@type":"ImageObject","inLanguage":"de","@id":"https:\/\/www.twobears.at\/wordpress\/twobears-alt\/team\/hausmeister\/#primaryimage","url":"https:\/\/www.twobears.at\/wordpress\/twobears-alt\/wp-content\/uploads\/sites\/19\/2014\/04\/P1050670.jpg","contentUrl":"https:\/\/www.twobears.at\/wordpress\/twobears-alt\/wp-content\/uploads\/sites\/19\/2014\/04\/P1050670.jpg","width":1619,"height":1080},{"@type":"BreadcrumbList","@id":"https:\/\/www.twobears.at\/wordpress\/twobears-alt\/team\/hausmeister\/#breadcrumb","itemListElement":[{"@type":"ListItem","position":1,"name":"Startseite","item":"https:\/\/www.twobears.at\/wordpress\/twobears-alt\/"},{"@type":"ListItem","position":2,"name":"Das Team","item":"https:\/\/www.twobears.at\/wordpress\/twobears-alt\/team\/"},{"@type":"ListItem","position":3,"name":"Ha(u)smeister"}]},{"@type":"WebSite","@id":"https:\/\/www.twobears.at\/wordpress\/twobears-alt\/#website","url":"https:\/\/www.twobears.at\/wordpress\/twobears-alt\/","name":"Das Archiv","description":"Eine weitere TwoBears Universum-Website","potentialAction":[{"@type":"SearchAction","target":{"@type":"EntryPoint","urlTemplate":"https:\/\/www.twobears.at\/wordpress\/twobears-alt\/?s={search_term_string}"},"query-input":{"@type":"PropertyValueSpecification","valueRequired":true,"valueName":"search_term_string"}}],"inLanguage":"de"}]}},"_links":{"self":[{"href":"https:\/\/www.twobears.at\/wordpress\/twobears-alt\/wp-json\/wp\/v2\/pages\/167","targetHints":{"allow":["GET"]}}],"collection":[{"href":"https:\/\/www.twobears.at\/wordpress\/twobears-alt\/wp-json\/wp\/v2\/pages"}],"about":[{"href":"https:\/\/www.twobears.at\/wordpress\/twobears-alt\/wp-json\/wp\/v2\/types\/page"}],"author":[{"embeddable":true,"href":"https:\/\/www.twobears.at\/wordpress\/twobears-alt\/wp-json\/wp\/v2\/users\/2"}],"replies":[{"embeddable":true,"href":"https:\/\/www.twobears.at\/wordpress\/twobears-alt\/wp-json\/wp\/v2\/comments?post=167"}],"version-history":[{"count":0,"href":"https:\/\/www.twobears.at\/wordpress\/twobears-alt\/wp-json\/wp\/v2\/pages\/167\/revisions"}],"up":[{"embeddable":true,"href":"https:\/\/www.twobears.at\/wordpress\/twobears-alt\/wp-json\/wp\/v2\/pages\/380"}],"wp:featuredmedia":[{"embeddable":true,"href":"https:\/\/www.twobears.at\/wordpress\/twobears-alt\/wp-json\/wp\/v2\/media\/372"}],"wp:attachment":[{"href":"https:\/\/www.twobears.at\/wordpress\/twobears-alt\/wp-json\/wp\/v2\/media?parent=167"}],"curies":[{"name":"wp","href":"https:\/\/api.w.org\/{rel}","templated":true}]}}