{"id":52,"date":"2015-10-15T12:50:10","date_gmt":"2015-10-15T10:50:10","guid":{"rendered":"http:\/\/www.twobears.at\/wordpress\/diy\/?page_id=52"},"modified":"2017-04-16T22:33:32","modified_gmt":"2017-04-16T20:33:32","slug":"willkommen-beim-diydonkey","status":"publish","type":"page","link":"https:\/\/www.twobears.at\/wordpress\/diy\/","title":{"rendered":"Willkommen beim DIYDonkey!"},"content":{"rendered":"<p style=\"text-align: justify;\">Hallo Leute, ich bins der DIYDonkey,&nbsp;<\/p>\n<p style=\"text-align: justify;\">Zuerst mal ein paar kurze Erkl\u00e4rungen zu Beginn.<\/p>\n<p style=\"text-align: justify;\">Diese Seite wird sich mit Elektronik- und sonstigen Eigenbauprojekten befassen. Zu Beginn plane ich den gr\u00f6\u00dften Teil der Seite meinen Spielereien mit dem Arduino zu widmen. Sp\u00e4ter werden sicher auch andere Dinge dazukommen. In welche Richtung es sich aber genau entwickeln wird, da bin ich noch nicht sicher. Ich bin auch noch nicht so ganz sicher, ob ich die Seite als regelm\u00e4\u00dfigen Blog oder eher als statische Seite aufbauen werde &#8211; mal sehen!<\/p>\n<p style=\"text-align: justify;\">Derzeit bin ich auf jeden Fall damit besch\u00e4ftigt die Seite aufzubauen &#8211; d.h. es entstehen jetzt relativ schnell einige Artikel &#8211; teilweise werden diese Artikel aber noch nicht vollst\u00e4ndig sein. Es wird also am Anfang viele lose Enden geben &#8211; das liegt leider in der Natur der Sache und ist meiner Entscheidung geschuldet, diese Seite schon w\u00e4hrend des Aufbaus schon online zu stellen. Auf diese Weise sehe ich gleich auch, ob und an welchen Themen Interesse besteht.<\/p>\n<p style=\"text-align: justify;\">Ich werde diese Seite auch verwenden, um Dinge f\u00fcr mich aufzuschreiben, damit ich selber eine Quelle habe um schnell nachschauen zu k\u00f6nnen &#8211; das meiste habe ich davon selber im Internet zusammengetragen, wo man es nat\u00fcrlich auch jederzeit wieder finden kann. Ich werde allerdings versuchen auf dieser Seite m\u00f6glichst viel in eigenen Worten zusammen zu fassen. Vielleicht hilft das ja auch einem von euch.<\/p>\n<p style=\"text-align: justify;\">Viele der Bilder von Komponenten sind auf Amazon verlinkt. Wenn das so ist, dann habe ich diese Komponente selber dort gekauft. Nat\u00fcrlich gibt es auch andere Bezugsquellen. Wenn Ihr aber dem Link folgt und dann bei Amazon kauft, dann bekomme ich daf\u00fcr auch eine Kleinigkeit gut geschrieben (Nein, man wird damit nicht reich &#8211; bis jetzt &#8211; Stand 15.10.2015 &#8211; ist es noch gar nichts!). Da es sich bei den gezeigten Artikeln eher um &#8220;Kleinigkeiten&#8221; handelt sind auch die gutgeschriebenen Summen eher symbolisch &#8211; wenn sich da aber trotzdem mal was ergeben sollte, dann freue ich mich nat\u00fcrlich!<\/p>\n<p style=\"text-align: justify;\">Also viel Spa\u00df auf dieser Seite und ich freue mich \u00fcber jeden Kommentar!<\/p>\n<p style=\"text-align: justify;\">Euer<br \/>\nDiyDonkey<\/p>\n","protected":false},"excerpt":{"rendered":"<p>Hallo Leute, ich bins der DIYDonkey,&nbsp; Zuerst mal ein paar kurze Erkl\u00e4rungen zu Beginn. Diese Seite wird sich mit Elektronik- und sonstigen [&hellip;]<\/p>\n","protected":false},"author":8,"featured_media":0,"parent":0,"menu_order":0,"comment_status":"closed","ping_status":"closed","template":"","meta":{"ngg_post_thumbnail":0,"jetpack_post_was_ever_published":false,"footnotes":""},"class_list":["post-52","page","type-page","status-publish","hentry"],"yoast_head":"<!-- This site is optimized with the Yoast SEO plugin v24.2 - https:\/\/yoast.com\/wordpress\/plugins\/seo\/ -->\n<title>Willkommen beim DIYDonkey! - Arduino, Elektronik- und anderer Eigenbau<\/title>\n<meta name=\"description\" content=\"Willkommen auf der Seite vom DIYDonkey. Ich bin zwar nur ein kleine Esel, aber ich habe viele Ideen und versuche diese auch umzusetzen - mit Arduino,...\" \/>\n<meta name=\"robots\" content=\"index, follow, max-snippet:-1, max-image-preview:large, max-video-preview:-1\" \/>\n<link rel=\"canonical\" href=\"https:\/\/www.twobears.at\/wordpress\/diy\/\" \/>\n<meta property=\"og:locale\" content=\"de_DE\" \/>\n<meta property=\"og:type\" content=\"article\" \/>\n<meta property=\"og:title\" content=\"Willkommen beim DIYDonkey! - Arduino, Elektronik- und anderer Eigenbau\" \/>\n<meta property=\"og:description\" content=\"Willkommen auf der Seite vom DIYDonkey. Ich bin zwar nur ein kleine Esel, aber ich habe viele Ideen und versuche diese auch umzusetzen - mit Arduino,...\" \/>\n<meta property=\"og:url\" content=\"https:\/\/www.twobears.at\/wordpress\/diy\/\" \/>\n<meta property=\"og:site_name\" content=\"Arduino, Elektronik- und anderer Eigenbau\" \/>\n<meta property=\"article:modified_time\" content=\"2017-04-16T20:33:32+00:00\" \/>\n<meta name=\"twitter:card\" content=\"summary_large_image\" \/>\n<meta name=\"twitter:label1\" content=\"Gesch\u00e4tzte Lesezeit\" \/>\n\t<meta name=\"twitter:data1\" content=\"2 Minuten\" \/>\n<script type=\"application\/ld+json\" class=\"yoast-schema-graph\">{\"@context\":\"https:\/\/schema.org\",\"@graph\":[{\"@type\":\"WebPage\",\"@id\":\"https:\/\/www.twobears.at\/wordpress\/diy\/\",\"url\":\"https:\/\/www.twobears.at\/wordpress\/diy\/\",\"name\":\"Willkommen beim DIYDonkey! - Arduino, Elektronik- und anderer Eigenbau\",\"isPartOf\":{\"@id\":\"https:\/\/www.twobears.at\/wordpress\/diy\/#website\"},\"datePublished\":\"2015-10-15T10:50:10+00:00\",\"dateModified\":\"2017-04-16T20:33:32+00:00\",\"description\":\"Willkommen auf der Seite vom DIYDonkey. Ich bin zwar nur ein kleine Esel, aber ich habe viele Ideen und versuche diese auch umzusetzen - mit Arduino,...\",\"breadcrumb\":{\"@id\":\"https:\/\/www.twobears.at\/wordpress\/diy\/#breadcrumb\"},\"inLanguage\":\"de\",\"potentialAction\":[{\"@type\":\"ReadAction\",\"target\":[\"https:\/\/www.twobears.at\/wordpress\/diy\/\"]}]},{\"@type\":\"BreadcrumbList\",\"@id\":\"https:\/\/www.twobears.at\/wordpress\/diy\/#breadcrumb\",\"itemListElement\":[{\"@type\":\"ListItem\",\"position\":1,\"name\":\"Startseite\",\"item\":\"https:\/\/www.twobears.at\/wordpress\/diy\/\"},{\"@type\":\"ListItem\",\"position\":2,\"name\":\"Willkommen beim DIYDonkey!\"}]},{\"@type\":\"WebSite\",\"@id\":\"https:\/\/www.twobears.at\/wordpress\/diy\/#website\",\"url\":\"https:\/\/www.twobears.at\/wordpress\/diy\/\",\"name\":\"Arduino, Elektronik- und anderer Eigenbau\",\"description\":\"Eine weitere TwoBears Universum Seite\",\"potentialAction\":[{\"@type\":\"SearchAction\",\"target\":{\"@type\":\"EntryPoint\",\"urlTemplate\":\"https:\/\/www.twobears.at\/wordpress\/diy\/?s={search_term_string}\"},\"query-input\":{\"@type\":\"PropertyValueSpecification\",\"valueRequired\":true,\"valueName\":\"search_term_string\"}}],\"inLanguage\":\"de\"}]}<\/script>\n<!-- \/ Yoast SEO plugin. -->","yoast_head_json":{"title":"Willkommen beim DIYDonkey! - Arduino, Elektronik- und anderer Eigenbau","description":"Willkommen auf der Seite vom DIYDonkey. Ich bin zwar nur ein kleine Esel, aber ich habe viele Ideen und versuche diese auch umzusetzen - mit Arduino,...","robots":{"index":"index","follow":"follow","max-snippet":"max-snippet:-1","max-image-preview":"max-image-preview:large","max-video-preview":"max-video-preview:-1"},"canonical":"https:\/\/www.twobears.at\/wordpress\/diy\/","og_locale":"de_DE","og_type":"article","og_title":"Willkommen beim DIYDonkey! - Arduino, Elektronik- und anderer Eigenbau","og_description":"Willkommen auf der Seite vom DIYDonkey. Ich bin zwar nur ein kleine Esel, aber ich habe viele Ideen und versuche diese auch umzusetzen - mit Arduino,...","og_url":"https:\/\/www.twobears.at\/wordpress\/diy\/","og_site_name":"Arduino, Elektronik- und anderer Eigenbau","article_modified_time":"2017-04-16T20:33:32+00:00","twitter_card":"summary_large_image","twitter_misc":{"Gesch\u00e4tzte Lesezeit":"2 Minuten"},"schema":{"@context":"https:\/\/schema.org","@graph":[{"@type":"WebPage","@id":"https:\/\/www.twobears.at\/wordpress\/diy\/","url":"https:\/\/www.twobears.at\/wordpress\/diy\/","name":"Willkommen beim DIYDonkey! - Arduino, Elektronik- und anderer Eigenbau","isPartOf":{"@id":"https:\/\/www.twobears.at\/wordpress\/diy\/#website"},"datePublished":"2015-10-15T10:50:10+00:00","dateModified":"2017-04-16T20:33:32+00:00","description":"Willkommen auf der Seite vom DIYDonkey. Ich bin zwar nur ein kleine Esel, aber ich habe viele Ideen und versuche diese auch umzusetzen - mit Arduino,...","breadcrumb":{"@id":"https:\/\/www.twobears.at\/wordpress\/diy\/#breadcrumb"},"inLanguage":"de","potentialAction":[{"@type":"ReadAction","target":["https:\/\/www.twobears.at\/wordpress\/diy\/"]}]},{"@type":"BreadcrumbList","@id":"https:\/\/www.twobears.at\/wordpress\/diy\/#breadcrumb","itemListElement":[{"@type":"ListItem","position":1,"name":"Startseite","item":"https:\/\/www.twobears.at\/wordpress\/diy\/"},{"@type":"ListItem","position":2,"name":"Willkommen beim DIYDonkey!"}]},{"@type":"WebSite","@id":"https:\/\/www.twobears.at\/wordpress\/diy\/#website","url":"https:\/\/www.twobears.at\/wordpress\/diy\/","name":"Arduino, Elektronik- und anderer Eigenbau","description":"Eine weitere TwoBears Universum Seite","potentialAction":[{"@type":"SearchAction","target":{"@type":"EntryPoint","urlTemplate":"https:\/\/www.twobears.at\/wordpress\/diy\/?s={search_term_string}"},"query-input":{"@type":"PropertyValueSpecification","valueRequired":true,"valueName":"search_term_string"}}],"inLanguage":"de"}]}},"jetpack_sharing_enabled":true,"jetpack_shortlink":"https:\/\/wp.me\/P722Id-Q","jetpack-related-posts":[],"_links":{"self":[{"href":"https:\/\/www.twobears.at\/wordpress\/diy\/wp-json\/wp\/v2\/pages\/52","targetHints":{"allow":["GET"]}}],"collection":[{"href":"https:\/\/www.twobears.at\/wordpress\/diy\/wp-json\/wp\/v2\/pages"}],"about":[{"href":"https:\/\/www.twobears.at\/wordpress\/diy\/wp-json\/wp\/v2\/types\/page"}],"author":[{"embeddable":true,"href":"https:\/\/www.twobears.at\/wordpress\/diy\/wp-json\/wp\/v2\/users\/8"}],"replies":[{"embeddable":true,"href":"https:\/\/www.twobears.at\/wordpress\/diy\/wp-json\/wp\/v2\/comments?post=52"}],"version-history":[{"count":7,"href":"https:\/\/www.twobears.at\/wordpress\/diy\/wp-json\/wp\/v2\/pages\/52\/revisions"}],"predecessor-version":[{"id":240,"href":"https:\/\/www.twobears.at\/wordpress\/diy\/wp-json\/wp\/v2\/pages\/52\/revisions\/240"}],"wp:attachment":[{"href":"https:\/\/www.twobears.at\/wordpress\/diy\/wp-json\/wp\/v2\/media?parent=52"}],"curies":[{"name":"wp","href":"https:\/\/api.w.org\/{rel}","templated":true}]}}