{"id":981,"date":"2016-03-16T13:53:43","date_gmt":"2016-03-16T11:53:43","guid":{"rendered":"http:\/\/www.twobears.at\/ioannina_reist\/?page_id=981"},"modified":"2016-03-16T14:05:51","modified_gmt":"2016-03-16T12:05:51","slug":"ueber-mich","status":"publish","type":"page","link":"https:\/\/www.twobears.at\/ioannina_reist\/?page_id=981","title":{"rendered":"\u00dcber mich"},"content":{"rendered":"<p>Eigentlich sollte das ja ein reiner Reiseblog werden, was ja schon am Namen erkennbar ist, aber was soll&#8217;s. Ich hab ja nie definiert, wie gro\u00df die Reisen sein m\u00fcssen, um hier herein zu d\u00fcrfen und Reisen kann man auch metaphorisch sehen. Somit war z.b. mein erster Blogeintrag ein Eintrag vom Zoo in Linz und es werden noch diverse Eintr\u00e4ge folgen, die nur mit ein bissl gutem Willen eine Verbindung zu Reisen haben werden.<\/p>\n<div id=\"search\"><\/div>\n","protected":false},"excerpt":{"rendered":"<p>Eigentlich sollte das ja ein reiner Reiseblog werden, was ja schon am Namen erkennbar ist, aber was soll&#8217;s. Ich hab ja nie definiert, wie gro\u00df die Reisen sein m\u00fcssen, um hier herein zu d\u00fcrfen und Reisen kann man &hellip; <\/p>\n<div class=\"more-link-wrapper\"><a href=\"https:\/\/www.twobears.at\/ioannina_reist\/?page_id=981\" class=\"more-link\">Continue reading<span class=\"screen-reader-text\"> &#8222;\u00dcber mich&#8220;<\/span><\/a><\/div>\n","protected":false},"author":2,"featured_media":0,"parent":0,"menu_order":60,"comment_status":"closed","ping_status":"closed","template":"","meta":{"jetpack_post_was_ever_published":false,"footnotes":""},"class_list":["post-981","page","type-page","status-publish","hentry"],"jetpack_likes_enabled":false,"jetpack_sharing_enabled":true,"_links":{"self":[{"href":"https:\/\/www.twobears.at\/ioannina_reist\/index.php?rest_route=\/wp\/v2\/pages\/981","targetHints":{"allow":["GET"]}}],"collection":[{"href":"https:\/\/www.twobears.at\/ioannina_reist\/index.php?rest_route=\/wp\/v2\/pages"}],"about":[{"href":"https:\/\/www.twobears.at\/ioannina_reist\/index.php?rest_route=\/wp\/v2\/types\/page"}],"author":[{"embeddable":true,"href":"https:\/\/www.twobears.at\/ioannina_reist\/index.php?rest_route=\/wp\/v2\/users\/2"}],"replies":[{"embeddable":true,"href":"https:\/\/www.twobears.at\/ioannina_reist\/index.php?rest_route=%2Fwp%2Fv2%2Fcomments&post=981"}],"version-history":[{"count":3,"href":"https:\/\/www.twobears.at\/ioannina_reist\/index.php?rest_route=\/wp\/v2\/pages\/981\/revisions"}],"predecessor-version":[{"id":988,"href":"https:\/\/www.twobears.at\/ioannina_reist\/index.php?rest_route=\/wp\/v2\/pages\/981\/revisions\/988"}],"wp:attachment":[{"href":"https:\/\/www.twobears.at\/ioannina_reist\/index.php?rest_route=%2Fwp%2Fv2%2Fmedia&parent=981"}],"curies":[{"name":"wp","href":"https:\/\/api.w.org\/{rel}","templated":true}]}}